{"id":293,"date":"2018-07-21T17:11:51","date_gmt":"2018-07-21T22:11:51","guid":{"rendered":"http:\/\/koe.developmx.com\/?page_id=293"},"modified":"2019-03-07T23:17:17","modified_gmt":"2019-03-08T05:17:17","slug":"koe-mobile-app","status":"publish","type":"page","link":"https:\/\/koe.com.co\/v1\/koe-mobile-app\/","title":{"rendered":"KOE Mobile App"},"content":{"rendered":"<p>[vc_section][vc_row][vc_column offset=&#8221;vc_col-lg-offset-2 vc_col-lg-8 vc_col-md-offset-2 vc_col-md-8&#8243;][gsf_heading title_font_size=&#8221;30&#8243; title_color=&#8221;#0054a6&#8243; title_letter_spacing=&#8221;0.1&#8243; sub_title_font_size=&#8221;14&#8243; el_class=&#8221;nosotros-text&#8221; title=&#8221;\u00a1Aprende, divi\u00e9rtete y habla ingl\u00e9s!&#8221; sub_title=&#8221;KOE\u00ae Mobile App&#8221;]<strong>KOE\u00ae Mobile<\/strong> es una aplicaci\u00f3n para los usuarios del programa Fast &amp; Easy\u00ae. KOE\u00ae Mobile te permite <em>gestionar monitorias<\/em>, <em>evaluar sesiones<\/em>,<em> firmar asistencias<\/em>, consultar horarios de talleres, acceder al <a href=\"\/material-didactico\/\">material did\u00e1ctico<\/a>, al historial de asistencia, y a pr\u00e1cticas que te ayudar\u00e1n a desarrollar habilidades en el <strong>idioma ingl\u00e9s<\/strong>.[\/gsf_heading][gsf_space desktop=&#8221;30&#8243; tablet=&#8221;20&#8243; tablet_portrait=&#8221;20&#8243; mobile_landscape=&#8221;15&#8243; mobile=&#8221;10&#8243;][vc_single_image image=&#8221;424&#8243; img_size=&#8221;full&#8221; alignment=&#8221;center&#8221; el_class=&#8221;ico-app&#8221;][gsf_space desktop=&#8221;30&#8243; tablet=&#8221;20&#8243; tablet_portrait=&#8221;20&#8243; mobile_landscape=&#8221;15&#8243; mobile=&#8221;10&#8243;][\/vc_column][\/vc_row][\/vc_section][vc_section content_width=&#8221;full&#8221; css=&#8221;.vc_custom_1532220476111{background-color: #e3f0fc !important;}&#8221;][vc_row][vc_column width=&#8221;1\/2&#8243;][gsf_space desktop=&#8221;20&#8243; tablet=&#8221;10&#8243; tablet_portrait=&#8221;10&#8243; mobile_landscape=&#8221;10&#8243; mobile=&#8221;10&#8243;][gsf_heading title_font_size=&#8221;48&#8243; sub_title_font_size=&#8221;14&#8243; el_class=&#8221;titulo-app&#8221;]<\/p>\n<h3>Lleva <strong>KOE\u00ae Mobile en tu tel\u00e9fono inteligente<\/strong> y mantente en contacto con el ingl\u00e9s logrando as\u00ed la meta de aprenderlo <em>f\u00e1cil y r\u00e1pido<\/em>.<\/h3>\n<p><a href=\"https:\/\/play.google.com\/store\/apps\/details?id=com.ionicframework.koemobile112861\" target=\"_blank\" rel=\"noopener noreferrer\"><img loading=\"lazy\" decoding=\"async\" class=\"alignnone wp-image-168 size-full\" title=\"Google Play\" src=\"https:\/\/koe.com.co\/wp-content\/uploads\/2018\/07\/btnapp-android.png\" alt=\"Google Play\" width=\"200\" height=\"70\" \/><\/a><a href=\"https:\/\/itunes.apple.com\/cl\/app\/koe-mobile\/id1061219242?platform=ipad&amp;preserveScrollPosition=true#platform\/ipad\" target=\"_blank\" rel=\"noopener noreferrer\"><img loading=\"lazy\" decoding=\"async\" class=\"alignnone wp-image-169 size-full\" title=\"App Store\" src=\"https:\/\/koe.com.co\/wp-content\/uploads\/2018\/07\/btnapp-ios.png\" alt=\"App Store\" width=\"200\" height=\"70\" \/><\/a>[\/gsf_heading][gsf_space desktop=&#8221;60&#8243; tablet=&#8221;50&#8243; tablet_portrait=&#8221;40&#8243; mobile_landscape=&#8221;30&#8243; mobile=&#8221;20&#8243;][\/vc_column][vc_column width=&#8221;1\/2&#8243; css=&#8221;.vc_custom_1532292746944{margin-top: -150px !important;}&#8221;][vc_single_image image=&#8221;425&#8243; img_size=&#8221;full&#8221; alignment=&#8221;center&#8221;][\/vc_column][\/vc_row][\/vc_section][vc_section content_width=&#8221;full&#8221;][vc_row][vc_column offset=&#8221;vc_col-lg-offset-2 vc_col-lg-8 vc_col-md-offset-2 vc_col-md-8&#8243;][gsf_space desktop=&#8221;30&#8243; tablet=&#8221;20&#8243; tablet_portrait=&#8221;20&#8243; mobile_landscape=&#8221;15&#8243; mobile=&#8221;10&#8243;][gsf_heading title_font_size=&#8221;30&#8243; title_color=&#8221;#2e3192&#8243; title_letter_spacing=&#8221;0.1&#8243; sub_title_font_size=&#8221;14&#8243; title=&#8221;\u00bfQu\u00e9 podr\u00e1 hacer?&#8221;]Acceder a su cuenta de KOE\u00ae.<br \/>\n<b>Reservar monitorias\u00a0<\/b>\u00a0 \u00a0presenciales\u00a0 \u00a0y consultar\u00a0 \u00a0horarios online.<br \/>\n<strong>Recursos<\/strong>: Libros en formato digital.<br \/>\nConsultar tus asistencias y evaluaciones.<br \/>\n<strong>Noticias<\/strong>: Directo desde nuestro sitio Web.<br \/>\nRegistrar tus<strong> asistencias y evaluar<\/strong> a nuestros monitores.[\/gsf_heading][gsf_space desktop=&#8221;60&#8243; tablet=&#8221;50&#8243; tablet_portrait=&#8221;40&#8243; mobile_landscape=&#8221;30&#8243; mobile=&#8221;20&#8243;][\/vc_column][\/vc_row][\/vc_section]<\/p>\n","protected":false},"excerpt":{"rendered":"<p>[vc_section][vc_row][vc_column offset=&#8221;vc_col-lg-offset-2 vc_col-lg-8 vc_col-md-offset-2 vc_col-md-8&#8243;][gsf_heading title_font_size=&#8221;30&#8243; title_color=&#8221;#0054a6&#8243; title_letter_spacing=&#8221;0.1&#8243; sub_title_font_size=&#8221;14&#8243; el_class=&#8221;nosotros-text&#8221; title=&#8221;\u00a1Aprende, divi\u00e9rtete y habla ingl\u00e9s!&#8221; sub_title=&#8221;KOE\u00ae Mobile App&#8221;]KOE\u00ae Mobile es una aplicaci\u00f3n para los usuarios del programa Fast &amp; Easy\u00ae. KOE\u00ae Mobile te permite gestionar monitorias, evaluar sesiones, firmar asistencias, consultar horarios de talleres, acceder al material did\u00e1ctico, al historial de asistencia, y a pr\u00e1cticas [&hellip;]<\/p>\n","protected":false},"author":1,"featured_media":2007,"parent":0,"menu_order":0,"comment_status":"closed","ping_status":"closed","template":"","meta":{"footnotes":""},"yoast_head":"<!-- This site is optimized with the Yoast SEO plugin v21.0 - https:\/\/yoast.com\/wordpress\/plugins\/seo\/ -->\n<title>KOE Mobile App | KOE Colombia<\/title>\n<meta name=\"description\" content=\"KOE\u00ae Mobile es una aplicaci\u00f3n para los usuarios del programa Fast &amp; Easy\u00ae. KOE\u00ae Mobile te permite gestionar monitorias, evaluar sesiones, etc.\" \/>\n<meta name=\"robots\" content=\"index, follow, max-snippet:-1, max-image-preview:large, max-video-preview:-1\" \/>\n<link rel=\"canonical\" href=\"https:\/\/koe.com.co\/v1\/koe-mobile-app\/\" \/>\n<meta property=\"og:locale\" content=\"es_ES\" \/>\n<meta property=\"og:type\" content=\"article\" \/>\n<meta property=\"og:title\" content=\"KOE Mobile App | KOE Colombia\" \/>\n<meta property=\"og:description\" content=\"KOE\u00ae Mobile es una aplicaci\u00f3n para los usuarios del programa Fast &amp; Easy\u00ae. KOE\u00ae Mobile te permite gestionar monitorias, evaluar sesiones, etc.\" \/>\n<meta property=\"og:url\" content=\"https:\/\/koe.com.co\/v1\/koe-mobile-app\/\" \/>\n<meta property=\"og:site_name\" content=\"KOE Colombia\" \/>\n<meta property=\"article:modified_time\" content=\"2019-03-08T05:17:17+00:00\" \/>\n<meta property=\"og:image\" content=\"https:\/\/koe.com.co\/v1\/wp-content\/uploads\/2019\/03\/apps-koe.jpg\" \/>\n\t<meta property=\"og:image:width\" content=\"800\" \/>\n\t<meta property=\"og:image:height\" content=\"500\" \/>\n\t<meta property=\"og:image:type\" content=\"image\/jpeg\" \/>\n<meta name=\"twitter:card\" content=\"summary_large_image\" \/>\n<meta name=\"twitter:label1\" content=\"Tiempo estimado de lectura\" \/>\n\t<meta name=\"twitter:data1\" content=\"2 minutos\" \/>\n<script type=\"application\/ld+json\" class=\"yoast-schema-graph\">{\"@context\":\"https:\/\/schema.org\",\"@graph\":[{\"@type\":\"WebPage\",\"@id\":\"https:\/\/koe.com.co\/v1\/koe-mobile-app\/\",\"url\":\"https:\/\/koe.com.co\/v1\/koe-mobile-app\/\",\"name\":\"KOE Mobile App | KOE Colombia\",\"isPartOf\":{\"@id\":\"https:\/\/koe.com.co\/v1\/#website\"},\"datePublished\":\"2018-07-21T22:11:51+00:00\",\"dateModified\":\"2019-03-08T05:17:17+00:00\",\"description\":\"KOE\u00ae Mobile es una aplicaci\u00f3n para los usuarios del programa Fast & Easy\u00ae. KOE\u00ae Mobile te permite gestionar monitorias, evaluar sesiones, etc.\",\"breadcrumb\":{\"@id\":\"https:\/\/koe.com.co\/v1\/koe-mobile-app\/#breadcrumb\"},\"inLanguage\":\"es-CO\",\"potentialAction\":[{\"@type\":\"ReadAction\",\"target\":[\"https:\/\/koe.com.co\/v1\/koe-mobile-app\/\"]}]},{\"@type\":\"BreadcrumbList\",\"@id\":\"https:\/\/koe.com.co\/v1\/koe-mobile-app\/#breadcrumb\",\"itemListElement\":[{\"@type\":\"ListItem\",\"position\":1,\"name\":\"Portada\",\"item\":\"https:\/\/koe.com.co\/v1\/\"},{\"@type\":\"ListItem\",\"position\":2,\"name\":\"KOE Mobile App\"}]},{\"@type\":\"WebSite\",\"@id\":\"https:\/\/koe.com.co\/v1\/#website\",\"url\":\"https:\/\/koe.com.co\/v1\/\",\"name\":\"KOE Colombia\",\"description\":\"Mucho ma\u0301s que un curso de ingle\u0301s\",\"publisher\":{\"@id\":\"https:\/\/koe.com.co\/v1\/#organization\"},\"potentialAction\":[{\"@type\":\"SearchAction\",\"target\":{\"@type\":\"EntryPoint\",\"urlTemplate\":\"https:\/\/koe.com.co\/v1\/?s={search_term_string}\"},\"query-input\":\"required name=search_term_string\"}],\"inLanguage\":\"es-CO\"},{\"@type\":\"Organization\",\"@id\":\"https:\/\/koe.com.co\/v1\/#organization\",\"name\":\"COLOMBIA KOE S.A.S\",\"url\":\"https:\/\/koe.com.co\/v1\/\",\"logo\":{\"@type\":\"ImageObject\",\"inLanguage\":\"es-CO\",\"@id\":\"https:\/\/koe.com.co\/v1\/#\/schema\/logo\/image\/\",\"url\":\"https:\/\/koe.com.co\/wp-content\/uploads\/2021\/12\/png-logo.png\",\"contentUrl\":\"https:\/\/koe.com.co\/wp-content\/uploads\/2021\/12\/png-logo.png\",\"width\":909,\"height\":403,\"caption\":\"COLOMBIA KOE S.A.S\"},\"image\":{\"@id\":\"https:\/\/koe.com.co\/v1\/#\/schema\/logo\/image\/\"}}]}<\/script>\n<!-- \/ Yoast SEO plugin. -->","yoast_head_json":{"title":"KOE Mobile App | KOE Colombia","description":"KOE\u00ae Mobile es una aplicaci\u00f3n para los usuarios del programa Fast & Easy\u00ae. KOE\u00ae Mobile te permite gestionar monitorias, evaluar sesiones, etc.","robots":{"index":"index","follow":"follow","max-snippet":"max-snippet:-1","max-image-preview":"max-image-preview:large","max-video-preview":"max-video-preview:-1"},"canonical":"https:\/\/koe.com.co\/v1\/koe-mobile-app\/","og_locale":"es_ES","og_type":"article","og_title":"KOE Mobile App | KOE Colombia","og_description":"KOE\u00ae Mobile es una aplicaci\u00f3n para los usuarios del programa Fast & Easy\u00ae. KOE\u00ae Mobile te permite gestionar monitorias, evaluar sesiones, etc.","og_url":"https:\/\/koe.com.co\/v1\/koe-mobile-app\/","og_site_name":"KOE Colombia","article_modified_time":"2019-03-08T05:17:17+00:00","og_image":[{"width":800,"height":500,"url":"https:\/\/koe.com.co\/v1\/wp-content\/uploads\/2019\/03\/apps-koe.jpg","type":"image\/jpeg"}],"twitter_card":"summary_large_image","twitter_misc":{"Tiempo estimado de lectura":"2 minutos"},"schema":{"@context":"https:\/\/schema.org","@graph":[{"@type":"WebPage","@id":"https:\/\/koe.com.co\/v1\/koe-mobile-app\/","url":"https:\/\/koe.com.co\/v1\/koe-mobile-app\/","name":"KOE Mobile App | KOE Colombia","isPartOf":{"@id":"https:\/\/koe.com.co\/v1\/#website"},"datePublished":"2018-07-21T22:11:51+00:00","dateModified":"2019-03-08T05:17:17+00:00","description":"KOE\u00ae Mobile es una aplicaci\u00f3n para los usuarios del programa Fast & Easy\u00ae. KOE\u00ae Mobile te permite gestionar monitorias, evaluar sesiones, etc.","breadcrumb":{"@id":"https:\/\/koe.com.co\/v1\/koe-mobile-app\/#breadcrumb"},"inLanguage":"es-CO","potentialAction":[{"@type":"ReadAction","target":["https:\/\/koe.com.co\/v1\/koe-mobile-app\/"]}]},{"@type":"BreadcrumbList","@id":"https:\/\/koe.com.co\/v1\/koe-mobile-app\/#breadcrumb","itemListElement":[{"@type":"ListItem","position":1,"name":"Portada","item":"https:\/\/koe.com.co\/v1\/"},{"@type":"ListItem","position":2,"name":"KOE Mobile App"}]},{"@type":"WebSite","@id":"https:\/\/koe.com.co\/v1\/#website","url":"https:\/\/koe.com.co\/v1\/","name":"KOE Colombia","description":"Mucho ma\u0301s que un curso de ingle\u0301s","publisher":{"@id":"https:\/\/koe.com.co\/v1\/#organization"},"potentialAction":[{"@type":"SearchAction","target":{"@type":"EntryPoint","urlTemplate":"https:\/\/koe.com.co\/v1\/?s={search_term_string}"},"query-input":"required name=search_term_string"}],"inLanguage":"es-CO"},{"@type":"Organization","@id":"https:\/\/koe.com.co\/v1\/#organization","name":"COLOMBIA KOE S.A.S","url":"https:\/\/koe.com.co\/v1\/","logo":{"@type":"ImageObject","inLanguage":"es-CO","@id":"https:\/\/koe.com.co\/v1\/#\/schema\/logo\/image\/","url":"https:\/\/koe.com.co\/wp-content\/uploads\/2021\/12\/png-logo.png","contentUrl":"https:\/\/koe.com.co\/wp-content\/uploads\/2021\/12\/png-logo.png","width":909,"height":403,"caption":"COLOMBIA KOE S.A.S"},"image":{"@id":"https:\/\/koe.com.co\/v1\/#\/schema\/logo\/image\/"}}]}},"_links":{"self":[{"href":"https:\/\/koe.com.co\/v1\/wp-json\/wp\/v2\/pages\/293"}],"collection":[{"href":"https:\/\/koe.com.co\/v1\/wp-json\/wp\/v2\/pages"}],"about":[{"href":"https:\/\/koe.com.co\/v1\/wp-json\/wp\/v2\/types\/page"}],"author":[{"embeddable":true,"href":"https:\/\/koe.com.co\/v1\/wp-json\/wp\/v2\/users\/1"}],"replies":[{"embeddable":true,"href":"https:\/\/koe.com.co\/v1\/wp-json\/wp\/v2\/comments?post=293"}],"version-history":[{"count":3,"href":"https:\/\/koe.com.co\/v1\/wp-json\/wp\/v2\/pages\/293\/revisions"}],"predecessor-version":[{"id":1987,"href":"https:\/\/koe.com.co\/v1\/wp-json\/wp\/v2\/pages\/293\/revisions\/1987"}],"wp:featuredmedia":[{"embeddable":true,"href":"https:\/\/koe.com.co\/v1\/wp-json\/wp\/v2\/media\/2007"}],"wp:attachment":[{"href":"https:\/\/koe.com.co\/v1\/wp-json\/wp\/v2\/media?parent=293"}],"curies":[{"name":"wp","href":"https:\/\/api.w.org\/{rel}","templated":true}]}}