{"id":353,"date":"2018-07-21T21:06:07","date_gmt":"2018-07-22T02:06:07","guid":{"rendered":"http:\/\/koe.developmx.com\/?page_id=353"},"modified":"2019-03-07T23:29:57","modified_gmt":"2019-03-08T05:29:57","slug":"metodo-fast-easy","status":"publish","type":"page","link":"https:\/\/koe.com.co\/v1\/metodo-fast-easy\/","title":{"rendered":"M\u00e9todo Fast &#038; Easy"},"content":{"rendered":"<p>[vc_section][vc_row][vc_column css_animation=&#8221;bottom-to-top&#8221; offset=&#8221;vc_col-lg-offset-2 vc_col-lg-8 vc_col-md-offset-2 vc_col-md-8&#8243;][gsf_heading title_font_size=&#8221;30&#8243; title_color=&#8221;#ec2e2e&#8221; title_letter_spacing=&#8221;0.1&#8243; sub_title_font_size=&#8221;14&#8243; el_class=&#8221;head-seccion,color-verde&#8221; title=&#8221;\u00bfPor qu\u00e9 es r\u00e1pido?&#8221; sub_title=&#8221;KOE Colombia&#8221;]Porque usamos <strong>Construcciones B\u00e1sicas<\/strong>, las cuales son f\u00f3rmulas que te permitir\u00e1n organizar las palabras en tu mente de manera inmediata, facilit\u00e1ndote la comunicaci\u00f3n. Esto funciona, tanto para aquellos que no han tenido ning\u00fan tipo de contacto con el idioma, como para aquellos con conocimientos previos del mismo que no lograban comunicarse oralmente en <strong><em>ingl\u00e9s<\/em><\/strong>.<\/p>\n<h3>\u00a1No pierdas m\u00e1s tiempo con m\u00e9todos tradicionales!<\/h3>\n<p>[\/gsf_heading][gsf_space desktop=&#8221;160&#8243; tablet=&#8221;100&#8243; tablet_portrait=&#8221;80&#8243; mobile_landscape=&#8221;60&#8243; mobile=&#8221;40&#8243;][\/vc_column][\/vc_row][\/vc_section][vc_section content_width=&#8221;full&#8221; css=&#8221;.vc_custom_1546840955052{background-color: #f5f9f2 !important;}&#8221;][vc_row][vc_column el_class=&#8221;align-center,cubos&#8221; css_animation=&#8221;top-to-bottom&#8221; css=&#8221;.vc_custom_1538670409820{margin-top: -100px !important;}&#8221;][vc_single_image image=&#8221;1494&#8243; img_size=&#8221;full&#8221; alignment=&#8221;center&#8221; el_class=&#8221;cubo-metodo,cubo-amarillo&#8221;][vc_single_image image=&#8221;1495&#8243; img_size=&#8221;full&#8221; alignment=&#8221;center&#8221; el_class=&#8221;cubo-metodo,cubo-verde&#8221;][vc_single_image image=&#8221;1496&#8243; img_size=&#8221;full&#8221; alignment=&#8221;center&#8221; el_class=&#8221;cubo-metodo,cubo-rojo&#8221;][vc_single_image image=&#8221;1497&#8243; img_size=&#8221;full&#8221; alignment=&#8221;center&#8221; el_class=&#8221;cubo-metodo,cubo-azul&#8221;][\/vc_column][\/vc_row][vc_row][vc_column][gsf_space desktop=&#8221;20&#8243; tablet=&#8221;10&#8243; tablet_portrait=&#8221;10&#8243; mobile_landscape=&#8221;10&#8243; mobile=&#8221;10&#8243;][gsf_heading title_font_size=&#8221;48&#8243; sub_title_font_size=&#8221;14&#8243; el_class=&#8221;titulo-cubos&#8221;]<\/p>\n<h1><span style=\"color: #fed527;\">You<\/span> <span style=\"color: #1baf4d;\">will<\/span> <span style=\"color: #ec3129;\">speak<\/span> <span style=\"color: #046aae;\">English<\/span><\/h1>\n<p>[\/gsf_heading][gsf_space desktop=&#8221;60&#8243; tablet=&#8221;50&#8243; tablet_portrait=&#8221;40&#8243; mobile_landscape=&#8221;30&#8243; mobile=&#8221;20&#8243;][\/vc_column][\/vc_row][\/vc_section][vc_section][vc_row][vc_column css_animation=&#8221;appear&#8221;][gsf_space desktop=&#8221;20&#8243; tablet=&#8221;10&#8243; tablet_portrait=&#8221;10&#8243; mobile_landscape=&#8221;10&#8243; mobile=&#8221;10&#8243;][gsf_button title=&#8221;Vive la Experiencia Fast &amp; Easy&#8221; style=&#8221;outline&#8221; size=&#8221;xxl&#8221; align=&#8221;center&#8221; icon_font=&#8221;fa fa-long-arrow-right&#8221; icon_align=&#8221;right&#8221; el_class=&#8221;btn-rojo&#8221; link=&#8221;url:%2Fvive-la-experiencia-fast-easy|title:Vive%20la%20Experiencia%20Fast%20%26%20Easy||&#8221;][gsf_space desktop=&#8221;60&#8243; tablet=&#8221;40&#8243; tablet_portrait=&#8221;40&#8243; mobile_landscape=&#8221;30&#8243; mobile=&#8221;30&#8243;][\/vc_column][\/vc_row][\/vc_section][vc_section css=&#8221;.vc_custom_1549596037950{background-image: url(https:\/\/koe.com.co\/wp-content\/uploads\/2019\/01\/bgelementos.jpg?id=1118) !important;background-position: center !important;background-repeat: no-repeat !important;background-size: cover !important;}&#8221;][vc_row][vc_column el_class=&#8221;home-action&#8221; offset=&#8221;vc_col-lg-offset-2 vc_col-lg-8 vc_col-md-offset-2 vc_col-md-8&#8243;][gsf_space desktop=&#8221;30&#8243; tablet=&#8221;25&#8243; tablet_portrait=&#8221;25&#8243; mobile_landscape=&#8221;20&#8243; mobile=&#8221;20&#8243;][vc_column_text css=&#8221;.vc_custom_1550547812181{margin-top: 0px !important;margin-right: 0px !important;margin-bottom: 0px !important;margin-left: 0px !important;}&#8221;]<\/p>\n<h3>M\u00e1s que <strong>CLASES DE INGL\u00c9S<\/strong>, KOE es un m\u00e9todo <strong>F\u00c1CIL Y R\u00c1PIDO<\/strong> para <strong>HABLAR INGL\u00c9S<\/strong><\/h3>\n<p>[\/vc_column_text][gsf_button title=&#8221;REG\u00cdSTRATE&#8221; size=&#8221;xxl&#8221; align=&#8221;center&#8221; icon_font=&#8221;fa fa-long-arrow-right&#8221; icon_align=&#8221;right&#8221; el_class=&#8221;btnaction&#8221; link=&#8221;url:https%3A%2F%2Fkoe.com.co%2F%23inicio|||&#8221;][\/vc_column][\/vc_row][vc_row][vc_column][gsf_space desktop=&#8221;50&#8243; tablet=&#8221;35&#8243; tablet_portrait=&#8221;35&#8243; mobile_landscape=&#8221;25&#8243; mobile=&#8221;25&#8243;][\/vc_column][\/vc_row][\/vc_section]<\/p>\n","protected":false},"excerpt":{"rendered":"<p>[vc_section][vc_row][vc_column css_animation=&#8221;bottom-to-top&#8221; offset=&#8221;vc_col-lg-offset-2 vc_col-lg-8 vc_col-md-offset-2 vc_col-md-8&#8243;][gsf_heading title_font_size=&#8221;30&#8243; title_color=&#8221;#ec2e2e&#8221; title_letter_spacing=&#8221;0.1&#8243; sub_title_font_size=&#8221;14&#8243; el_class=&#8221;head-seccion,color-verde&#8221; title=&#8221;\u00bfPor qu\u00e9 es r\u00e1pido?&#8221; sub_title=&#8221;KOE Colombia&#8221;]Porque usamos Construcciones B\u00e1sicas, las cuales son f\u00f3rmulas que te permitir\u00e1n organizar las palabras en tu mente de manera inmediata, facilit\u00e1ndote la comunicaci\u00f3n. Esto funciona, tanto para aquellos que no han tenido ning\u00fan tipo de contacto con el idioma, [&hellip;]<\/p>\n","protected":false},"author":1,"featured_media":2012,"parent":0,"menu_order":0,"comment_status":"closed","ping_status":"closed","template":"","meta":{"footnotes":""},"yoast_head":"<!-- This site is optimized with the Yoast SEO plugin v21.0 - https:\/\/yoast.com\/wordpress\/plugins\/seo\/ -->\n<title>M\u00e9todo Fast &amp; Easy | KOE Colombia<\/title>\n<meta name=\"description\" content=\"M\u00e9todo Fast &amp; Easy, la f\u00f3rmula perfecta nos permite reproducir el mismo proceso l\u00f3gico y pr\u00e1ctico del aprendizaje que emplea un ni\u00f1o.\" \/>\n<meta name=\"robots\" content=\"index, follow, max-snippet:-1, max-image-preview:large, max-video-preview:-1\" \/>\n<link rel=\"canonical\" href=\"https:\/\/koe.com.co\/v1\/metodo-fast-easy\/\" \/>\n<meta property=\"og:locale\" content=\"es_ES\" \/>\n<meta property=\"og:type\" content=\"article\" \/>\n<meta property=\"og:title\" content=\"M\u00e9todo Fast &amp; Easy | KOE Colombia\" \/>\n<meta property=\"og:description\" content=\"M\u00e9todo Fast &amp; Easy, la f\u00f3rmula perfecta nos permite reproducir el mismo proceso l\u00f3gico y pr\u00e1ctico del aprendizaje que emplea un ni\u00f1o.\" \/>\n<meta property=\"og:url\" content=\"https:\/\/koe.com.co\/v1\/metodo-fast-easy\/\" \/>\n<meta property=\"og:site_name\" content=\"KOE Colombia\" \/>\n<meta property=\"article:modified_time\" content=\"2019-03-08T05:29:57+00:00\" \/>\n<meta property=\"og:image\" content=\"https:\/\/koe.com.co\/v1\/wp-content\/uploads\/2019\/03\/fast-and-easy-koe.jpg\" \/>\n\t<meta property=\"og:image:width\" content=\"800\" \/>\n\t<meta property=\"og:image:height\" content=\"500\" \/>\n\t<meta property=\"og:image:type\" content=\"image\/jpeg\" \/>\n<meta name=\"twitter:card\" content=\"summary_large_image\" \/>\n<meta name=\"twitter:label1\" content=\"Tiempo estimado de lectura\" \/>\n\t<meta name=\"twitter:data1\" content=\"2 minutos\" \/>\n<script type=\"application\/ld+json\" class=\"yoast-schema-graph\">{\"@context\":\"https:\/\/schema.org\",\"@graph\":[{\"@type\":\"WebPage\",\"@id\":\"https:\/\/koe.com.co\/v1\/metodo-fast-easy\/\",\"url\":\"https:\/\/koe.com.co\/v1\/metodo-fast-easy\/\",\"name\":\"M\u00e9todo Fast & Easy | KOE Colombia\",\"isPartOf\":{\"@id\":\"https:\/\/koe.com.co\/v1\/#website\"},\"datePublished\":\"2018-07-22T02:06:07+00:00\",\"dateModified\":\"2019-03-08T05:29:57+00:00\",\"description\":\"M\u00e9todo Fast & Easy, la f\u00f3rmula perfecta nos permite reproducir el mismo proceso l\u00f3gico y pr\u00e1ctico del aprendizaje que emplea un ni\u00f1o.\",\"breadcrumb\":{\"@id\":\"https:\/\/koe.com.co\/v1\/metodo-fast-easy\/#breadcrumb\"},\"inLanguage\":\"es-CO\",\"potentialAction\":[{\"@type\":\"ReadAction\",\"target\":[\"https:\/\/koe.com.co\/v1\/metodo-fast-easy\/\"]}]},{\"@type\":\"BreadcrumbList\",\"@id\":\"https:\/\/koe.com.co\/v1\/metodo-fast-easy\/#breadcrumb\",\"itemListElement\":[{\"@type\":\"ListItem\",\"position\":1,\"name\":\"Portada\",\"item\":\"https:\/\/koe.com.co\/v1\/\"},{\"@type\":\"ListItem\",\"position\":2,\"name\":\"M\u00e9todo Fast &#038; Easy\"}]},{\"@type\":\"WebSite\",\"@id\":\"https:\/\/koe.com.co\/v1\/#website\",\"url\":\"https:\/\/koe.com.co\/v1\/\",\"name\":\"KOE Colombia\",\"description\":\"Mucho ma\u0301s que un curso de ingle\u0301s\",\"publisher\":{\"@id\":\"https:\/\/koe.com.co\/v1\/#organization\"},\"potentialAction\":[{\"@type\":\"SearchAction\",\"target\":{\"@type\":\"EntryPoint\",\"urlTemplate\":\"https:\/\/koe.com.co\/v1\/?s={search_term_string}\"},\"query-input\":\"required name=search_term_string\"}],\"inLanguage\":\"es-CO\"},{\"@type\":\"Organization\",\"@id\":\"https:\/\/koe.com.co\/v1\/#organization\",\"name\":\"COLOMBIA KOE S.A.S\",\"url\":\"https:\/\/koe.com.co\/v1\/\",\"logo\":{\"@type\":\"ImageObject\",\"inLanguage\":\"es-CO\",\"@id\":\"https:\/\/koe.com.co\/v1\/#\/schema\/logo\/image\/\",\"url\":\"https:\/\/koe.com.co\/wp-content\/uploads\/2021\/12\/png-logo.png\",\"contentUrl\":\"https:\/\/koe.com.co\/wp-content\/uploads\/2021\/12\/png-logo.png\",\"width\":909,\"height\":403,\"caption\":\"COLOMBIA KOE S.A.S\"},\"image\":{\"@id\":\"https:\/\/koe.com.co\/v1\/#\/schema\/logo\/image\/\"}}]}<\/script>\n<!-- \/ Yoast SEO plugin. -->","yoast_head_json":{"title":"M\u00e9todo Fast & Easy | KOE Colombia","description":"M\u00e9todo Fast & Easy, la f\u00f3rmula perfecta nos permite reproducir el mismo proceso l\u00f3gico y pr\u00e1ctico del aprendizaje que emplea un ni\u00f1o.","robots":{"index":"index","follow":"follow","max-snippet":"max-snippet:-1","max-image-preview":"max-image-preview:large","max-video-preview":"max-video-preview:-1"},"canonical":"https:\/\/koe.com.co\/v1\/metodo-fast-easy\/","og_locale":"es_ES","og_type":"article","og_title":"M\u00e9todo Fast & Easy | KOE Colombia","og_description":"M\u00e9todo Fast & Easy, la f\u00f3rmula perfecta nos permite reproducir el mismo proceso l\u00f3gico y pr\u00e1ctico del aprendizaje que emplea un ni\u00f1o.","og_url":"https:\/\/koe.com.co\/v1\/metodo-fast-easy\/","og_site_name":"KOE Colombia","article_modified_time":"2019-03-08T05:29:57+00:00","og_image":[{"width":800,"height":500,"url":"https:\/\/koe.com.co\/v1\/wp-content\/uploads\/2019\/03\/fast-and-easy-koe.jpg","type":"image\/jpeg"}],"twitter_card":"summary_large_image","twitter_misc":{"Tiempo estimado de lectura":"2 minutos"},"schema":{"@context":"https:\/\/schema.org","@graph":[{"@type":"WebPage","@id":"https:\/\/koe.com.co\/v1\/metodo-fast-easy\/","url":"https:\/\/koe.com.co\/v1\/metodo-fast-easy\/","name":"M\u00e9todo Fast & Easy | KOE Colombia","isPartOf":{"@id":"https:\/\/koe.com.co\/v1\/#website"},"datePublished":"2018-07-22T02:06:07+00:00","dateModified":"2019-03-08T05:29:57+00:00","description":"M\u00e9todo Fast & Easy, la f\u00f3rmula perfecta nos permite reproducir el mismo proceso l\u00f3gico y pr\u00e1ctico del aprendizaje que emplea un ni\u00f1o.","breadcrumb":{"@id":"https:\/\/koe.com.co\/v1\/metodo-fast-easy\/#breadcrumb"},"inLanguage":"es-CO","potentialAction":[{"@type":"ReadAction","target":["https:\/\/koe.com.co\/v1\/metodo-fast-easy\/"]}]},{"@type":"BreadcrumbList","@id":"https:\/\/koe.com.co\/v1\/metodo-fast-easy\/#breadcrumb","itemListElement":[{"@type":"ListItem","position":1,"name":"Portada","item":"https:\/\/koe.com.co\/v1\/"},{"@type":"ListItem","position":2,"name":"M\u00e9todo Fast &#038; Easy"}]},{"@type":"WebSite","@id":"https:\/\/koe.com.co\/v1\/#website","url":"https:\/\/koe.com.co\/v1\/","name":"KOE Colombia","description":"Mucho ma\u0301s que un curso de ingle\u0301s","publisher":{"@id":"https:\/\/koe.com.co\/v1\/#organization"},"potentialAction":[{"@type":"SearchAction","target":{"@type":"EntryPoint","urlTemplate":"https:\/\/koe.com.co\/v1\/?s={search_term_string}"},"query-input":"required name=search_term_string"}],"inLanguage":"es-CO"},{"@type":"Organization","@id":"https:\/\/koe.com.co\/v1\/#organization","name":"COLOMBIA KOE S.A.S","url":"https:\/\/koe.com.co\/v1\/","logo":{"@type":"ImageObject","inLanguage":"es-CO","@id":"https:\/\/koe.com.co\/v1\/#\/schema\/logo\/image\/","url":"https:\/\/koe.com.co\/wp-content\/uploads\/2021\/12\/png-logo.png","contentUrl":"https:\/\/koe.com.co\/wp-content\/uploads\/2021\/12\/png-logo.png","width":909,"height":403,"caption":"COLOMBIA KOE S.A.S"},"image":{"@id":"https:\/\/koe.com.co\/v1\/#\/schema\/logo\/image\/"}}]}},"_links":{"self":[{"href":"https:\/\/koe.com.co\/v1\/wp-json\/wp\/v2\/pages\/353"}],"collection":[{"href":"https:\/\/koe.com.co\/v1\/wp-json\/wp\/v2\/pages"}],"about":[{"href":"https:\/\/koe.com.co\/v1\/wp-json\/wp\/v2\/types\/page"}],"author":[{"embeddable":true,"href":"https:\/\/koe.com.co\/v1\/wp-json\/wp\/v2\/users\/1"}],"replies":[{"embeddable":true,"href":"https:\/\/koe.com.co\/v1\/wp-json\/wp\/v2\/comments?post=353"}],"version-history":[{"count":16,"href":"https:\/\/koe.com.co\/v1\/wp-json\/wp\/v2\/pages\/353\/revisions"}],"predecessor-version":[{"id":4815,"href":"https:\/\/koe.com.co\/v1\/wp-json\/wp\/v2\/pages\/353\/revisions\/4815"}],"wp:featuredmedia":[{"embeddable":true,"href":"https:\/\/koe.com.co\/v1\/wp-json\/wp\/v2\/media\/2012"}],"wp:attachment":[{"href":"https:\/\/koe.com.co\/v1\/wp-json\/wp\/v2\/media?parent=353"}],"curies":[{"name":"wp","href":"https:\/\/api.w.org\/{rel}","templated":true}]}}