{"id":358,"date":"2018-07-21T21:07:16","date_gmt":"2018-07-22T02:07:16","guid":{"rendered":"http:\/\/koe.developmx.com\/?page_id=358"},"modified":"2019-03-07T23:57:11","modified_gmt":"2019-03-08T05:57:11","slug":"sisk","status":"publish","type":"page","link":"https:\/\/koe.com.co\/v1\/sisk\/","title":{"rendered":"SISK"},"content":{"rendered":"<p>[vc_section css_animation=&#8221;none&#8221; animation_duration=&#8221;2000&#8243; animation_delay=&#8221;0.2&#8243;][vc_row css_animation=&#8221;bottom-to-top&#8221;][vc_column offset=&#8221;vc_col-lg-offset-2 vc_col-lg-8 vc_col-md-offset-2 vc_col-md-8&#8243;][gsf_heading title_font_size=&#8221;30&#8243; title_color=&#8221;#ec2e2e&#8221; title_letter_spacing=&#8221;0.1&#8243; sub_title_font_size=&#8221;14&#8243; el_class=&#8221;head-seccion&#8221; title=&#8221;Sistema de Informaci\u00f3n de Servicio KOE&#8221; sub_title=&#8221;KOE Colombia&#8221;]KOE te ofrece la oportunidad de aprender a <strong>hablar ingl\u00e9s<\/strong> desde la comodidad de tu hogar o lugar de trabajo, ofreci\u00e9ndote las herramientas para hacerlo totalmente online.<\/p>\n<p>Las <strong>sesiones online en KOE<\/strong> hacen que nuestra oferta did\u00e1ctica sea totalmente diferente a las dem\u00e1s en el mercado.[\/gsf_heading][gsf_space desktop=&#8221;60&#8243; tablet=&#8221;40&#8243; tablet_portrait=&#8221;30&#8243; mobile_landscape=&#8221;20&#8243; mobile=&#8221;20&#8243;][\/vc_column][\/vc_row][\/vc_section][vc_section css=&#8221;.vc_custom_1532310998246{background-color: #f9f1f1 !important;}&#8221;][vc_row css_animation=&#8221;appear&#8221;][vc_column offset=&#8221;vc_col-lg-offset-2 vc_col-lg-8 vc_col-md-offset-2 vc_col-md-8&#8243;][gsf_space desktop=&#8221;30&#8243; tablet=&#8221;20&#8243; tablet_portrait=&#8221;20&#8243; mobile_landscape=&#8221;10&#8243; mobile=&#8221;10&#8243;][gsf_heading title_font_size=&#8221;30&#8243; title_color=&#8221;#4f4f4f&#8221; sub_title_font_size=&#8221;14&#8243; el_class=&#8221;titulo-sisk&#8221; title=&#8221;\u00bfPor qu\u00e9 decimos que es diferente?&#8221;]Porque todas las <strong>sesiones son en vivo y dictadas<\/strong> en tiempo real; esto las hace interactivas, participativas y, lo m\u00e1s importante, evaluativas, llev\u00e1ndote a hablar ingl\u00e9s r\u00e1pido y f\u00e1cil.[\/gsf_heading][gsf_space desktop=&#8221;60&#8243; tablet=&#8221;40&#8243; tablet_portrait=&#8221;30&#8243; mobile_landscape=&#8221;20&#8243; mobile=&#8221;20&#8243;][\/vc_column][\/vc_row][\/vc_section][vc_section content_width=&#8221;full&#8221;][vc_row][vc_column][gsf_heading title_font_size=&#8221;30&#8243; title_color=&#8221;#4f4f4f&#8221; sub_title_font_size=&#8221;14&#8243; el_class=&#8221;titulo-sisk&#8221; title=&#8221;\u00bfQu\u00e9 esperas? \u00a1Hazlo ya!&#8221;]<\/p>\n<h4>Desde cualquier lugar, podr\u00e1s interactuar con personas de diferentes pa\u00edses y culturas.<\/h4>\n<p>[\/gsf_heading][gsf_space desktop=&#8221;30&#8243; tablet=&#8221;20&#8243; tablet_portrait=&#8221;20&#8243; mobile_landscape=&#8221;10&#8243; mobile=&#8221;10&#8243;][vc_separator color=&#8221;custom&#8221; border_width=&#8221;2&#8243; el_width=&#8221;60&#8243; accent_color=&#8221;#c02824&#8243;][gsf_space desktop=&#8221;30&#8243; tablet=&#8221;20&#8243; tablet_portrait=&#8221;20&#8243; mobile_landscape=&#8221;10&#8243; mobile=&#8221;10&#8243;][\/vc_column][\/vc_row][vc_row el_class=&#8221;info-sesiones&#8221; css=&#8221;.vc_custom_1549608412631{background-image: url(https:\/\/koe.com.co\/wp-content\/uploads\/2019\/02\/bg-sesiones-online-1.jpg?id=1588) !important;background-position: center !important;background-repeat: no-repeat !important;background-size: cover !important;}&#8221;][vc_column width=&#8221;1\/4&#8243; css_animation=&#8221;left-to-right&#8221;][vc_single_image image=&#8221;1582&#8243; img_size=&#8221;full&#8221; alignment=&#8221;center&#8221; el_class=&#8221;titulo-box-sisk&#8221;][\/vc_column][vc_column width=&#8221;3\/4&#8243;][gsf_space desktop=&#8221;30&#8243; tablet=&#8221;20&#8243; tablet_portrait=&#8221;20&#8243; mobile_landscape=&#8221;10&#8243; mobile=&#8221;10&#8243;][gsf_space desktop=&#8221;30&#8243; tablet=&#8221;20&#8243; tablet_portrait=&#8221;20&#8243; mobile_landscape=&#8221;10&#8243; mobile=&#8221;10&#8243;][vc_column_text el_class=&#8221;box-sisk&#8221;]Para ingresar a las sesiones online no se requiere reservar, basta con estar 5 minutos antes de la hora a la espera de apertura de la sala, para entonces realizar el ingreso y participar de la sesi\u00f3n.<\/p>\n<h4>\u00bfQu\u00e9 se necesita para participar de las sesiones online?<\/h4>\n<ul>\n<li>PC o Laptop cuyo procesador sea m\u00ednimo Intel core I3.<\/li>\n<li>Aud\u00edfonos con micr\u00f3fono incorporado (diadema).<\/li>\n<li>Para una \ufb02uidez de Adobe Connect: Una conexi\u00f3n de Internet de al menos 3-5 Mbps dedicados.<\/li>\n<li>No tener otras aplicaciones y programas abiertos y en uso al momento de la sesi\u00f3n.<br \/>\nIngresar en un lugar libre de ruido.<\/li>\n<\/ul>\n<p>Aunque se puede usar un dispositivo m\u00f3vil, no es recomendable ya que se debe tener en cuenta que en las sesiones online siempre aparecer\u00e1 material did\u00e1ctico en pantalla que podr\u00eda no ser legible si se conecta desde esta opci\u00f3n, a eso se suma la inestabilidad de la conexi\u00f3n por datos y la instalaci\u00f3n adicional de una aplicaci\u00f3n, la cual no siempre es del agrado de los participantes.[\/vc_column_text][\/vc_column][\/vc_row][\/vc_section][vc_section][vc_row][vc_column css_animation=&#8221;appear&#8221;][gsf_space desktop=&#8221;60&#8243; tablet=&#8221;40&#8243; tablet_portrait=&#8221;30&#8243; mobile_landscape=&#8221;20&#8243; mobile=&#8221;20&#8243;][gsf_button title=&#8221;Llave Maestra&#8221; style=&#8221;outline&#8221; size=&#8221;xxl&#8221; align=&#8221;center&#8221; icon_font=&#8221;fa fa-long-arrow-right&#8221; icon_align=&#8221;right&#8221; el_class=&#8221;btn-rojo&#8221; link=&#8221;url:%2Fllave-maestra|title:Llave%20Maestra||&#8221;][gsf_space desktop=&#8221;60&#8243; tablet=&#8221;40&#8243; tablet_portrait=&#8221;30&#8243; mobile_landscape=&#8221;20&#8243; mobile=&#8221;20&#8243;][\/vc_column][\/vc_row][\/vc_section][vc_section css=&#8221;.vc_custom_1549596037950{background-image: url(https:\/\/koe.com.co\/wp-content\/uploads\/2019\/01\/bgelementos.jpg?id=1118) !important;background-position: center !important;background-repeat: no-repeat !important;background-size: cover !important;}&#8221;][vc_row][vc_column el_class=&#8221;home-action&#8221; offset=&#8221;vc_col-lg-offset-2 vc_col-lg-8 vc_col-md-offset-2 vc_col-md-8&#8243;][gsf_space desktop=&#8221;30&#8243; tablet=&#8221;25&#8243; tablet_portrait=&#8221;25&#8243; mobile_landscape=&#8221;20&#8243; mobile=&#8221;20&#8243;][vc_column_text css=&#8221;.vc_custom_1550548310423{margin-top: 0px !important;margin-right: 0px !important;margin-bottom: 0px !important;margin-left: 0px !important;}&#8221;]<\/p>\n<h3>Logra expresar lo que quieras, comienza hoy, <strong>aprende a hablar ingl\u00e9s<\/strong><\/h3>\n<p>[\/vc_column_text][gsf_button title=&#8221;REG\u00cdSTRATE&#8221; size=&#8221;xxl&#8221; align=&#8221;center&#8221; icon_font=&#8221;fa fa-long-arrow-right&#8221; icon_align=&#8221;right&#8221; el_class=&#8221;btnaction&#8221; link=&#8221;url:https%3A%2F%2Fkoe.com.co%2F%23inicio|||&#8221;][\/vc_column][\/vc_row][vc_row][vc_column][gsf_space desktop=&#8221;50&#8243; tablet=&#8221;35&#8243; tablet_portrait=&#8221;35&#8243; mobile_landscape=&#8221;25&#8243; mobile=&#8221;25&#8243;][\/vc_column][\/vc_row][\/vc_section]<\/p>\n","protected":false},"excerpt":{"rendered":"<p>[vc_section css_animation=&#8221;none&#8221; animation_duration=&#8221;2000&#8243; animation_delay=&#8221;0.2&#8243;][vc_row css_animation=&#8221;bottom-to-top&#8221;][vc_column offset=&#8221;vc_col-lg-offset-2 vc_col-lg-8 vc_col-md-offset-2 vc_col-md-8&#8243;][gsf_heading title_font_size=&#8221;30&#8243; title_color=&#8221;#ec2e2e&#8221; title_letter_spacing=&#8221;0.1&#8243; sub_title_font_size=&#8221;14&#8243; el_class=&#8221;head-seccion&#8221; title=&#8221;Sistema de Informaci\u00f3n de Servicio KOE&#8221; sub_title=&#8221;KOE Colombia&#8221;]KOE te ofrece la oportunidad de aprender a hablar ingl\u00e9s desde la comodidad de tu hogar o lugar de trabajo, ofreci\u00e9ndote las herramientas para hacerlo totalmente online. Las sesiones online en KOE hacen que [&hellip;]<\/p>\n","protected":false},"author":1,"featured_media":2030,"parent":0,"menu_order":0,"comment_status":"closed","ping_status":"closed","template":"","meta":{"footnotes":""},"yoast_head":"<!-- This site is optimized with the Yoast SEO plugin v21.0 - https:\/\/yoast.com\/wordpress\/plugins\/seo\/ -->\n<title>SISK Sistema de Informaci\u00f3n de Servicio KOE | KOE Colombia<\/title>\n<meta name=\"description\" content=\"Nuestros usuarios pueden ingresar a nuestro Sistema de Informaci\u00f3n de Servicio KOE (SISK) y realizar sus reservas desde cualquier lugar.\" \/>\n<meta name=\"robots\" content=\"index, follow, max-snippet:-1, max-image-preview:large, max-video-preview:-1\" \/>\n<link rel=\"canonical\" href=\"https:\/\/koe.com.co\/v1\/sisk\/\" \/>\n<meta property=\"og:locale\" content=\"es_ES\" \/>\n<meta property=\"og:type\" content=\"article\" \/>\n<meta property=\"og:title\" content=\"SISK Sistema de Informaci\u00f3n de Servicio KOE | KOE Colombia\" \/>\n<meta property=\"og:description\" content=\"Nuestros usuarios pueden ingresar a nuestro Sistema de Informaci\u00f3n de Servicio KOE (SISK) y realizar sus reservas desde cualquier lugar.\" \/>\n<meta property=\"og:url\" content=\"https:\/\/koe.com.co\/v1\/sisk\/\" \/>\n<meta property=\"og:site_name\" content=\"KOE Colombia\" \/>\n<meta property=\"article:modified_time\" content=\"2019-03-08T05:57:11+00:00\" \/>\n<meta property=\"og:image\" content=\"https:\/\/koe.com.co\/v1\/wp-content\/uploads\/2019\/03\/sisk-con-koe.jpg\" \/>\n\t<meta property=\"og:image:width\" content=\"800\" \/>\n\t<meta property=\"og:image:height\" content=\"500\" \/>\n\t<meta property=\"og:image:type\" content=\"image\/jpeg\" \/>\n<meta name=\"twitter:card\" content=\"summary_large_image\" \/>\n<meta name=\"twitter:label1\" content=\"Tiempo estimado de lectura\" \/>\n\t<meta name=\"twitter:data1\" content=\"4 minutos\" \/>\n<script type=\"application\/ld+json\" class=\"yoast-schema-graph\">{\"@context\":\"https:\/\/schema.org\",\"@graph\":[{\"@type\":\"WebPage\",\"@id\":\"https:\/\/koe.com.co\/v1\/sisk\/\",\"url\":\"https:\/\/koe.com.co\/v1\/sisk\/\",\"name\":\"SISK Sistema de Informaci\u00f3n de Servicio KOE | KOE Colombia\",\"isPartOf\":{\"@id\":\"https:\/\/koe.com.co\/v1\/#website\"},\"datePublished\":\"2018-07-22T02:07:16+00:00\",\"dateModified\":\"2019-03-08T05:57:11+00:00\",\"description\":\"Nuestros usuarios pueden ingresar a nuestro Sistema de Informaci\u00f3n de Servicio KOE (SISK) y realizar sus reservas desde cualquier lugar.\",\"breadcrumb\":{\"@id\":\"https:\/\/koe.com.co\/v1\/sisk\/#breadcrumb\"},\"inLanguage\":\"es-CO\",\"potentialAction\":[{\"@type\":\"ReadAction\",\"target\":[\"https:\/\/koe.com.co\/v1\/sisk\/\"]}]},{\"@type\":\"BreadcrumbList\",\"@id\":\"https:\/\/koe.com.co\/v1\/sisk\/#breadcrumb\",\"itemListElement\":[{\"@type\":\"ListItem\",\"position\":1,\"name\":\"Portada\",\"item\":\"https:\/\/koe.com.co\/v1\/\"},{\"@type\":\"ListItem\",\"position\":2,\"name\":\"SISK\"}]},{\"@type\":\"WebSite\",\"@id\":\"https:\/\/koe.com.co\/v1\/#website\",\"url\":\"https:\/\/koe.com.co\/v1\/\",\"name\":\"KOE Colombia\",\"description\":\"Mucho ma\u0301s que un curso de ingle\u0301s\",\"publisher\":{\"@id\":\"https:\/\/koe.com.co\/v1\/#organization\"},\"potentialAction\":[{\"@type\":\"SearchAction\",\"target\":{\"@type\":\"EntryPoint\",\"urlTemplate\":\"https:\/\/koe.com.co\/v1\/?s={search_term_string}\"},\"query-input\":\"required name=search_term_string\"}],\"inLanguage\":\"es-CO\"},{\"@type\":\"Organization\",\"@id\":\"https:\/\/koe.com.co\/v1\/#organization\",\"name\":\"COLOMBIA KOE S.A.S\",\"url\":\"https:\/\/koe.com.co\/v1\/\",\"logo\":{\"@type\":\"ImageObject\",\"inLanguage\":\"es-CO\",\"@id\":\"https:\/\/koe.com.co\/v1\/#\/schema\/logo\/image\/\",\"url\":\"https:\/\/koe.com.co\/wp-content\/uploads\/2021\/12\/png-logo.png\",\"contentUrl\":\"https:\/\/koe.com.co\/wp-content\/uploads\/2021\/12\/png-logo.png\",\"width\":909,\"height\":403,\"caption\":\"COLOMBIA KOE S.A.S\"},\"image\":{\"@id\":\"https:\/\/koe.com.co\/v1\/#\/schema\/logo\/image\/\"}}]}<\/script>\n<!-- \/ Yoast SEO plugin. -->","yoast_head_json":{"title":"SISK Sistema de Informaci\u00f3n de Servicio KOE | KOE Colombia","description":"Nuestros usuarios pueden ingresar a nuestro Sistema de Informaci\u00f3n de Servicio KOE (SISK) y realizar sus reservas desde cualquier lugar.","robots":{"index":"index","follow":"follow","max-snippet":"max-snippet:-1","max-image-preview":"max-image-preview:large","max-video-preview":"max-video-preview:-1"},"canonical":"https:\/\/koe.com.co\/v1\/sisk\/","og_locale":"es_ES","og_type":"article","og_title":"SISK Sistema de Informaci\u00f3n de Servicio KOE | KOE Colombia","og_description":"Nuestros usuarios pueden ingresar a nuestro Sistema de Informaci\u00f3n de Servicio KOE (SISK) y realizar sus reservas desde cualquier lugar.","og_url":"https:\/\/koe.com.co\/v1\/sisk\/","og_site_name":"KOE Colombia","article_modified_time":"2019-03-08T05:57:11+00:00","og_image":[{"width":800,"height":500,"url":"https:\/\/koe.com.co\/v1\/wp-content\/uploads\/2019\/03\/sisk-con-koe.jpg","type":"image\/jpeg"}],"twitter_card":"summary_large_image","twitter_misc":{"Tiempo estimado de lectura":"4 minutos"},"schema":{"@context":"https:\/\/schema.org","@graph":[{"@type":"WebPage","@id":"https:\/\/koe.com.co\/v1\/sisk\/","url":"https:\/\/koe.com.co\/v1\/sisk\/","name":"SISK Sistema de Informaci\u00f3n de Servicio KOE | KOE Colombia","isPartOf":{"@id":"https:\/\/koe.com.co\/v1\/#website"},"datePublished":"2018-07-22T02:07:16+00:00","dateModified":"2019-03-08T05:57:11+00:00","description":"Nuestros usuarios pueden ingresar a nuestro Sistema de Informaci\u00f3n de Servicio KOE (SISK) y realizar sus reservas desde cualquier lugar.","breadcrumb":{"@id":"https:\/\/koe.com.co\/v1\/sisk\/#breadcrumb"},"inLanguage":"es-CO","potentialAction":[{"@type":"ReadAction","target":["https:\/\/koe.com.co\/v1\/sisk\/"]}]},{"@type":"BreadcrumbList","@id":"https:\/\/koe.com.co\/v1\/sisk\/#breadcrumb","itemListElement":[{"@type":"ListItem","position":1,"name":"Portada","item":"https:\/\/koe.com.co\/v1\/"},{"@type":"ListItem","position":2,"name":"SISK"}]},{"@type":"WebSite","@id":"https:\/\/koe.com.co\/v1\/#website","url":"https:\/\/koe.com.co\/v1\/","name":"KOE Colombia","description":"Mucho ma\u0301s que un curso de ingle\u0301s","publisher":{"@id":"https:\/\/koe.com.co\/v1\/#organization"},"potentialAction":[{"@type":"SearchAction","target":{"@type":"EntryPoint","urlTemplate":"https:\/\/koe.com.co\/v1\/?s={search_term_string}"},"query-input":"required name=search_term_string"}],"inLanguage":"es-CO"},{"@type":"Organization","@id":"https:\/\/koe.com.co\/v1\/#organization","name":"COLOMBIA KOE S.A.S","url":"https:\/\/koe.com.co\/v1\/","logo":{"@type":"ImageObject","inLanguage":"es-CO","@id":"https:\/\/koe.com.co\/v1\/#\/schema\/logo\/image\/","url":"https:\/\/koe.com.co\/wp-content\/uploads\/2021\/12\/png-logo.png","contentUrl":"https:\/\/koe.com.co\/wp-content\/uploads\/2021\/12\/png-logo.png","width":909,"height":403,"caption":"COLOMBIA KOE S.A.S"},"image":{"@id":"https:\/\/koe.com.co\/v1\/#\/schema\/logo\/image\/"}}]}},"_links":{"self":[{"href":"https:\/\/koe.com.co\/v1\/wp-json\/wp\/v2\/pages\/358"}],"collection":[{"href":"https:\/\/koe.com.co\/v1\/wp-json\/wp\/v2\/pages"}],"about":[{"href":"https:\/\/koe.com.co\/v1\/wp-json\/wp\/v2\/types\/page"}],"author":[{"embeddable":true,"href":"https:\/\/koe.com.co\/v1\/wp-json\/wp\/v2\/users\/1"}],"replies":[{"embeddable":true,"href":"https:\/\/koe.com.co\/v1\/wp-json\/wp\/v2\/comments?post=358"}],"version-history":[{"count":31,"href":"https:\/\/koe.com.co\/v1\/wp-json\/wp\/v2\/pages\/358\/revisions"}],"predecessor-version":[{"id":2031,"href":"https:\/\/koe.com.co\/v1\/wp-json\/wp\/v2\/pages\/358\/revisions\/2031"}],"wp:featuredmedia":[{"embeddable":true,"href":"https:\/\/koe.com.co\/v1\/wp-json\/wp\/v2\/media\/2030"}],"wp:attachment":[{"href":"https:\/\/koe.com.co\/v1\/wp-json\/wp\/v2\/media?parent=358"}],"curies":[{"name":"wp","href":"https:\/\/api.w.org\/{rel}","templated":true}]}}