{"id":943,"date":"2018-07-08T17:37:05","date_gmt":"2018-07-08T22:37:05","guid":{"rendered":"https:\/\/koe.com.mx\/?page_id=2"},"modified":"2023-01-03T15:51:43","modified_gmt":"2023-01-03T19:51:43","slug":"koe-mexico","status":"publish","type":"page","link":"https:\/\/koe.com.co\/v1\/","title":{"rendered":"KOE Colombia"},"content":{"rendered":"<p>[vc_row][vc_column][vc_column_text]<\/p>\n<h2 style=\"text-align: center;\">\u00bfQui\u00e9nes somos?<\/h2>\n<hr \/>\n<p><strong>KOE <\/strong>es una compa\u00f1\u00eda con <strong>m\u00e1s de 31 a\u00f1os de experiencia ense\u00f1ando el idioma ingl\u00e9s<\/strong> en Latinoam\u00e9rica. <strong>Capacitamos profesionales<\/strong> que <strong>no han podido alcanzar sus metas laborales por falta del dominio del idioma ingl\u00e9s<\/strong>; ni\u00f1os, j\u00f3venes y adultos que no logran avanzar en el aprendizaje con los m\u00e9todos escolarizados de ense\u00f1anza tradicional. <strong>Nuestro prop\u00f3sito<\/strong> es poder <strong>transformar vidas y dar la oportunidad de<\/strong><br \/>\n<strong>vivir nuevas experiencias y mejorar la calidad de vida,<\/strong> d\u00e1ndole la posibilidad de aprender a\u00a0hablar ingl\u00e9s desde donde quiera, a la hora que quiera durante el d\u00eda con variedad de horarios, con un m\u00e9todo diferente, \u00fanico, divertido y efectivo, con diferentes planes de pago directamente con nosotros sin intermediarios ni intereses adicionales.<\/p>\n<p>Si te incluyes en alguno de los grupos anteriores has llegado al lugar indicado. \u00a1No esperes m\u00e1s! Empieza ahora y aprende a hablar ingl\u00e9s de manera divertida y \u00e1gil con mucho m\u00e1s que un curso de ingl\u00e9s.[\/vc_column_text][gsf_space desktop=&#8221;90&#8243; tablet=&#8221;70&#8243; tablet_portrait=&#8221;60&#8243; mobile_landscape=&#8221;50&#8243; mobile=&#8221;40&#8243;][\/vc_column][\/vc_row][vc_section][vc_row][vc_column el_class=&#8221;home-action&#8221; offset=&#8221;vc_col-lg-offset-2 vc_col-lg-8 vc_col-md-offset-2 vc_col-md-8&#8243;][gsf_heading title_font_size=&#8221;28&#8243; title_color=&#8221;#333333&#8243; title_letter_spacing=&#8221;0.1&#8243; sub_title_font_size=&#8221;14&#8243; title=&#8221;\u00a1EMPIEZA AHORA!&#8221;]M\u00e1s que un <strong>curso de ingl\u00e9s<\/strong>, en KOE aprende a <em>hablar ingl\u00e9s definitivamente<\/em>.[\/gsf_heading][gsf_heading title_font_size=&#8221;22&#8243; title_color=&#8221;#e8a505&#8243; title_letter_spacing=&#8221;0.1&#8243; sub_title_font_size=&#8221;16&#8243; el_class=&#8221;titulos-home-v2&#8243; title=&#8221;Conoce nuestro M\u00e9todo FAST &amp; EASY&#8221; sub_title=&#8221;Certificaci\u00f3n ISO 9001:2015&#8243;][\/gsf_heading][gsf_space desktop=&#8221;30&#8243; tablet=&#8221;25&#8243; tablet_portrait=&#8221;25&#8243; mobile_landscape=&#8221;20&#8243; mobile=&#8221;20&#8243;][gsf_button title=&#8221;Reg\u00edstrate&#8221; size=&#8221;xxl&#8221; align=&#8221;center&#8221; icon_font=&#8221;fa fa-long-arrow-right&#8221; icon_align=&#8221;right&#8221; el_class=&#8221;btnaction&#8221; link=&#8221;url:%23inicio|||&#8221;][\/vc_column][\/vc_row][\/vc_section][vc_row][vc_column][\/vc_column][\/vc_row][vc_row][vc_column][gsf_space desktop=&#8221;90&#8243; tablet=&#8221;70&#8243; tablet_portrait=&#8221;60&#8243; mobile_landscape=&#8221;50&#8243; mobile=&#8221;40&#8243;][\/vc_column][\/vc_row]<\/p>\n","protected":false},"excerpt":{"rendered":"<p>[vc_row][vc_column][vc_column_text] \u00bfQui\u00e9nes somos? KOE es una compa\u00f1\u00eda con m\u00e1s de 31 a\u00f1os de experiencia ense\u00f1ando el idioma ingl\u00e9s en Latinoam\u00e9rica. Capacitamos profesionales que no han podido alcanzar sus metas laborales por falta del dominio del idioma ingl\u00e9s; ni\u00f1os, j\u00f3venes y adultos que no logran avanzar en el aprendizaje con los m\u00e9todos escolarizados de ense\u00f1anza tradicional. [&hellip;]<\/p>\n","protected":false},"author":1,"featured_media":4243,"parent":0,"menu_order":0,"comment_status":"closed","ping_status":"closed","template":"","meta":{"footnotes":""},"yoast_head":"<!-- This site is optimized with the Yoast SEO plugin v21.0 - https:\/\/yoast.com\/wordpress\/plugins\/seo\/ -->\n<title>KOE Colombia | Mucho ma\u0301s que un curso de ingle\u0301s<\/title>\n<meta name=\"description\" content=\"KOE Colombia, mucho m\u00e1s que un curso de ingl\u00e9s, trayectoria y experiencia desde 1989 en el idioma ingl\u00e9s. Ingl\u00e9s online, divertido y f\u00e1cil.\" \/>\n<meta name=\"robots\" content=\"index, follow, max-snippet:-1, max-image-preview:large, max-video-preview:-1\" \/>\n<link rel=\"canonical\" href=\"https:\/\/koe.com.co\/v1\/\" \/>\n<meta property=\"og:locale\" content=\"es_ES\" \/>\n<meta property=\"og:type\" content=\"article\" \/>\n<meta property=\"og:title\" content=\"KOE Colombia | Mucho ma\u0301s que un curso de ingle\u0301s\" \/>\n<meta property=\"og:description\" content=\"KOE Colombia, mucho m\u00e1s que un curso de ingl\u00e9s, trayectoria y experiencia desde 1989 en el idioma ingl\u00e9s. Ingl\u00e9s online, divertido y f\u00e1cil.\" \/>\n<meta property=\"og:url\" content=\"https:\/\/koe.com.co\/v1\/\" \/>\n<meta property=\"og:site_name\" content=\"KOE Colombia\" \/>\n<meta property=\"article:modified_time\" content=\"2023-01-03T19:51:43+00:00\" \/>\n<meta property=\"og:image\" content=\"https:\/\/koe.com.co\/v1\/wp-content\/uploads\/2020\/10\/11-octubre.jpeg\" \/>\n\t<meta property=\"og:image:width\" content=\"1080\" \/>\n\t<meta property=\"og:image:height\" content=\"1080\" \/>\n\t<meta property=\"og:image:type\" content=\"image\/jpeg\" \/>\n<meta name=\"twitter:card\" content=\"summary_large_image\" \/>\n<meta name=\"twitter:label1\" content=\"Tiempo estimado de lectura\" \/>\n\t<meta name=\"twitter:data1\" content=\"4 minutos\" \/>\n<script type=\"application\/ld+json\" class=\"yoast-schema-graph\">{\"@context\":\"https:\/\/schema.org\",\"@graph\":[{\"@type\":\"WebPage\",\"@id\":\"https:\/\/koe.com.co\/v1\/\",\"url\":\"https:\/\/koe.com.co\/v1\/\",\"name\":\"KOE Colombia | Mucho ma\u0301s que un curso de ingle\u0301s\",\"isPartOf\":{\"@id\":\"https:\/\/koe.com.co\/v1\/#website\"},\"datePublished\":\"2018-07-08T22:37:05+00:00\",\"dateModified\":\"2023-01-03T19:51:43+00:00\",\"description\":\"KOE Colombia, mucho m\u00e1s que un curso de ingl\u00e9s, trayectoria y experiencia desde 1989 en el idioma ingl\u00e9s. Ingl\u00e9s online, divertido y f\u00e1cil.\",\"breadcrumb\":{\"@id\":\"https:\/\/koe.com.co\/v1\/#breadcrumb\"},\"inLanguage\":\"es-CO\",\"potentialAction\":[{\"@type\":\"ReadAction\",\"target\":[\"https:\/\/koe.com.co\/v1\/\"]}]},{\"@type\":\"BreadcrumbList\",\"@id\":\"https:\/\/koe.com.co\/v1\/#breadcrumb\",\"itemListElement\":[{\"@type\":\"ListItem\",\"position\":1,\"name\":\"Portada\",\"item\":\"https:\/\/koe.com.co\/v1\/\"},{\"@type\":\"ListItem\",\"position\":2,\"name\":\"KOE Colombia\"}]},{\"@type\":\"WebSite\",\"@id\":\"https:\/\/koe.com.co\/v1\/#website\",\"url\":\"https:\/\/koe.com.co\/v1\/\",\"name\":\"KOE Colombia\",\"description\":\"Mucho ma\u0301s que un curso de ingle\u0301s\",\"publisher\":{\"@id\":\"https:\/\/koe.com.co\/v1\/#organization\"},\"potentialAction\":[{\"@type\":\"SearchAction\",\"target\":{\"@type\":\"EntryPoint\",\"urlTemplate\":\"https:\/\/koe.com.co\/v1\/?s={search_term_string}\"},\"query-input\":\"required name=search_term_string\"}],\"inLanguage\":\"es-CO\"},{\"@type\":\"Organization\",\"@id\":\"https:\/\/koe.com.co\/v1\/#organization\",\"name\":\"COLOMBIA KOE S.A.S\",\"url\":\"https:\/\/koe.com.co\/v1\/\",\"logo\":{\"@type\":\"ImageObject\",\"inLanguage\":\"es-CO\",\"@id\":\"https:\/\/koe.com.co\/v1\/#\/schema\/logo\/image\/\",\"url\":\"https:\/\/koe.com.co\/wp-content\/uploads\/2021\/12\/png-logo.png\",\"contentUrl\":\"https:\/\/koe.com.co\/wp-content\/uploads\/2021\/12\/png-logo.png\",\"width\":909,\"height\":403,\"caption\":\"COLOMBIA KOE S.A.S\"},\"image\":{\"@id\":\"https:\/\/koe.com.co\/v1\/#\/schema\/logo\/image\/\"}}]}<\/script>\n<!-- \/ Yoast SEO plugin. -->","yoast_head_json":{"title":"KOE Colombia | Mucho ma\u0301s que un curso de ingle\u0301s","description":"KOE Colombia, mucho m\u00e1s que un curso de ingl\u00e9s, trayectoria y experiencia desde 1989 en el idioma ingl\u00e9s. Ingl\u00e9s online, divertido y f\u00e1cil.","robots":{"index":"index","follow":"follow","max-snippet":"max-snippet:-1","max-image-preview":"max-image-preview:large","max-video-preview":"max-video-preview:-1"},"canonical":"https:\/\/koe.com.co\/v1\/","og_locale":"es_ES","og_type":"article","og_title":"KOE Colombia | Mucho ma\u0301s que un curso de ingle\u0301s","og_description":"KOE Colombia, mucho m\u00e1s que un curso de ingl\u00e9s, trayectoria y experiencia desde 1989 en el idioma ingl\u00e9s. Ingl\u00e9s online, divertido y f\u00e1cil.","og_url":"https:\/\/koe.com.co\/v1\/","og_site_name":"KOE Colombia","article_modified_time":"2023-01-03T19:51:43+00:00","og_image":[{"width":1080,"height":1080,"url":"https:\/\/koe.com.co\/v1\/wp-content\/uploads\/2020\/10\/11-octubre.jpeg","type":"image\/jpeg"}],"twitter_card":"summary_large_image","twitter_misc":{"Tiempo estimado de lectura":"4 minutos"},"schema":{"@context":"https:\/\/schema.org","@graph":[{"@type":"WebPage","@id":"https:\/\/koe.com.co\/v1\/","url":"https:\/\/koe.com.co\/v1\/","name":"KOE Colombia | Mucho ma\u0301s que un curso de ingle\u0301s","isPartOf":{"@id":"https:\/\/koe.com.co\/v1\/#website"},"datePublished":"2018-07-08T22:37:05+00:00","dateModified":"2023-01-03T19:51:43+00:00","description":"KOE Colombia, mucho m\u00e1s que un curso de ingl\u00e9s, trayectoria y experiencia desde 1989 en el idioma ingl\u00e9s. Ingl\u00e9s online, divertido y f\u00e1cil.","breadcrumb":{"@id":"https:\/\/koe.com.co\/v1\/#breadcrumb"},"inLanguage":"es-CO","potentialAction":[{"@type":"ReadAction","target":["https:\/\/koe.com.co\/v1\/"]}]},{"@type":"BreadcrumbList","@id":"https:\/\/koe.com.co\/v1\/#breadcrumb","itemListElement":[{"@type":"ListItem","position":1,"name":"Portada","item":"https:\/\/koe.com.co\/v1\/"},{"@type":"ListItem","position":2,"name":"KOE Colombia"}]},{"@type":"WebSite","@id":"https:\/\/koe.com.co\/v1\/#website","url":"https:\/\/koe.com.co\/v1\/","name":"KOE Colombia","description":"Mucho ma\u0301s que un curso de ingle\u0301s","publisher":{"@id":"https:\/\/koe.com.co\/v1\/#organization"},"potentialAction":[{"@type":"SearchAction","target":{"@type":"EntryPoint","urlTemplate":"https:\/\/koe.com.co\/v1\/?s={search_term_string}"},"query-input":"required name=search_term_string"}],"inLanguage":"es-CO"},{"@type":"Organization","@id":"https:\/\/koe.com.co\/v1\/#organization","name":"COLOMBIA KOE S.A.S","url":"https:\/\/koe.com.co\/v1\/","logo":{"@type":"ImageObject","inLanguage":"es-CO","@id":"https:\/\/koe.com.co\/v1\/#\/schema\/logo\/image\/","url":"https:\/\/koe.com.co\/wp-content\/uploads\/2021\/12\/png-logo.png","contentUrl":"https:\/\/koe.com.co\/wp-content\/uploads\/2021\/12\/png-logo.png","width":909,"height":403,"caption":"COLOMBIA KOE S.A.S"},"image":{"@id":"https:\/\/koe.com.co\/v1\/#\/schema\/logo\/image\/"}}]}},"_links":{"self":[{"href":"https:\/\/koe.com.co\/v1\/wp-json\/wp\/v2\/pages\/943"}],"collection":[{"href":"https:\/\/koe.com.co\/v1\/wp-json\/wp\/v2\/pages"}],"about":[{"href":"https:\/\/koe.com.co\/v1\/wp-json\/wp\/v2\/types\/page"}],"author":[{"embeddable":true,"href":"https:\/\/koe.com.co\/v1\/wp-json\/wp\/v2\/users\/1"}],"replies":[{"embeddable":true,"href":"https:\/\/koe.com.co\/v1\/wp-json\/wp\/v2\/comments?post=943"}],"version-history":[{"count":205,"href":"https:\/\/koe.com.co\/v1\/wp-json\/wp\/v2\/pages\/943\/revisions"}],"predecessor-version":[{"id":5138,"href":"https:\/\/koe.com.co\/v1\/wp-json\/wp\/v2\/pages\/943\/revisions\/5138"}],"wp:featuredmedia":[{"embeddable":true,"href":"https:\/\/koe.com.co\/v1\/wp-json\/wp\/v2\/media\/4243"}],"wp:attachment":[{"href":"https:\/\/koe.com.co\/v1\/wp-json\/wp\/v2\/media?parent=943"}],"curies":[{"name":"wp","href":"https:\/\/api.w.org\/{rel}","templated":true}]}}